{"id":308,"date":"2025-08-28T03:54:37","date_gmt":"2025-08-28T03:54:37","guid":{"rendered":"http:\/\/tintuctaynguyen.com\/?page_id=308"},"modified":"2025-09-12T09:06:52","modified_gmt":"2025-09-12T02:06:52","slug":"cau-hoi-thuong-gap","status":"publish","type":"page","link":"https:\/\/organicbabycare.vn\/en\/cau-hoi-thuong-gap\/","title":{"rendered":"FAQs"},"content":{"rendered":"<div class=\"brz brz-root__container brz-reset-all brz-root__container-page\" >\n<section id=\"qudIGtl5csyi_qudIGtl5csyi\" class=\"brz-section brz-css-mlehhl brz-css-1ksy8ap\">\n<div class=\"brz-section__content brz-section--boxed brz-css-1ykutrj brz-css-gntcmf\" data-brz-custom-id=\"lL_dKSshrf7M\">\n<div class=\"brz-bg\">\n<div class=\"brz-bg-image\"><\/div>\n<\/div>\n<div class=\"brz-container brz-css-ku10ip brz-css-1k3hq0q\">\n<div id=\"\" class=\"brz-css-ve5dic brz-css-2pg63v brz-wrapper\">\n<div class=\"brz-rich-text brz-rich-text__custom brz-css-1bp1gm7 brz-css-1ev22oo\" data-brz-custom-id=\"gEdkbrpZQCTM\">\n<div data-brz-translate-text=\"1\">\n<h1 class=\"brz-text-lg-center brz-lh-lg-1_3 brz-vfw-lg-400 brz-fwdth-lg-100 brz-fsft-lg-0 brz-ff-roboto brz-ft-google brz-fs-lg-36 brz-fss-lg-px brz-fw-lg-700 brz-ls-lg-0 brz-tp-lg-heading1 brz-css-y57Zu\" data-generated-css=\"brz-css-e7EsN\" data-uniq-id=\"ff4OP\"><span style=\"color: rgb(247, 148, 29);\">Mom asks,<\/span><span class=\"brz-cp-color2\" style=\"color: rgba(0,0,0,var(--O42jJQ,1));\"> <\/span><span style=\"color: rgb(54, 114, 183);\">Biobaby answers.<\/span><\/h1>\n<\/div>\n<\/div>\n<\/div>\n<div id=\"\" class=\"brz-css-ve5dic brz-css-1o46muo brz-css-1ptw8on brz-wrapper\">\n<div class=\"brz-spacer brz-css-8084e7 brz-css-1katbl4\"><\/div>\n<\/div>\n<\/div>\n<\/div>\n<\/section>\n<section id=\"wCDJ8yxiarOI_wCDJ8yxiarOI\" class=\"brz-section faq brz-css-1f358c4 brz-css-lai0m4\">\n<div class=\"brz-section__content brz-section--boxed brz-css-xuvd47 brz-css-852fv9\" data-brz-custom-id=\"imso5PPlbt3_\">\n<div class=\"brz-bg\">\n<div class=\"brz-bg-color\"><\/div>\n<\/div>\n<div class=\"brz-container brz-css-127q7ez brz-css-143acng\">\n<div id=\"\" data-brz-iteration-count=\"1\" class=\"brz-css-1bwcr2k brz-css-1reammz brz-wrapper brz-animated brz-css-h6k3yl brz-css-12xzvbs\" data-animationid=\"edNfK36yEd1H\">\n<div class=\"brz-accordion brz-css-9vaziy brz-css-eaf5uc\" data-brz-duration=\"300\" data-brz-custom-id=\"bi1OA0ClRd2V\">\n<div class=\"brz-accordion__item\">\n<div class=\"brz-accordion__nav\" data-brz-collapsible=\"off\"><span data-brz-translate-text=\"1\" class=\"brz-accordion__nav-title brz-span brz-text__editor\">At what age can babies start using Biobaby weaning oil?<\/span><svg class=\"brz-icon-svg align-[initial] brz-accordion-icon brz-accordion__nav--previewIcon--active\"><use href=\"\/wp-content\/plugins\/brizy\/public\/editor-build\/prod\/editor\/icons\/editor\/up-arrow-thin.svg#brz_icon\"><\/use><\/svg><svg class=\"brz-icon-svg align-[initial] brz-accordion-icon brz-accordion__nav--previewIcon\"><use href=\"\/wp-content\/plugins\/brizy\/public\/editor-build\/prod\/editor\/icons\/editor\/down-arrow-thin.svg#brz_icon\"><\/use><\/svg><\/div>\n<div class=\"brz-accordion__content brz-d-xs-flex brz-flex-xs-column\">\n<div class=\"brz-accordion__item-content brz-d-xs-flex brz-flex-xs-column\">\n<div id=\"\" class=\"brz-css-1bwcr2k brz-css-1gt1i7a brz-wrapper\">\n<div class=\"brz-rich-text brz-rich-text__custom brz-css-1diw1kt brz-css-dle5dw\" data-brz-custom-id=\"pDS4wPVp1obF\">\n<div data-brz-translate-text=\"1\">\n<p class=\"brz-vfw-lg-400 brz-fwdth-lg-100 brz-fsft-lg-0 brz-tp-lg-empty brz-ff-roboto brz-ft-google brz-fs-lg-16 brz-fss-lg-px brz-fw-lg-400 brz-ls-lg-0 brz-lh-lg-1_8 brz-css-rmoe0\" data-generated-css=\"brz-css-jtiUH\" data-uniq-id=\"eIBdi\"><span class=\"brz-cp-color7\">\u201cD\u1ea7u g\u1ea5c BioBaby l\u00e0 l\u1ef1a ch\u1ecdn \u0111\u01b0\u1ee3c nhi\u1ec1u m\u1eb9 tin d\u00f9ng cho b\u00e9 t\u1eeb 6 th\u00e1ng tu\u1ed5i.\u201d <\/span><\/p>\n<\/div>\n<\/div>\n<\/div>\n<\/div>\n<\/div>\n<\/div>\n<div class=\"brz-accordion__item\">\n<div class=\"brz-accordion__nav\" data-brz-collapsible=\"off\"><span data-brz-translate-text=\"1\" class=\"brz-accordion__nav-title brz-span brz-text__editor\">Does weaning oil need to be cooked?<\/span><svg class=\"brz-icon-svg align-[initial] brz-accordion-icon brz-accordion__nav--previewIcon--active\"><use href=\"\/wp-content\/plugins\/brizy\/public\/editor-build\/prod\/editor\/icons\/editor\/up-arrow-thin.svg#brz_icon\"><\/use><\/svg><svg class=\"brz-icon-svg align-[initial] brz-accordion-icon brz-accordion__nav--previewIcon\"><use href=\"\/wp-content\/plugins\/brizy\/public\/editor-build\/prod\/editor\/icons\/editor\/down-arrow-thin.svg#brz_icon\"><\/use><\/svg><\/div>\n<div class=\"brz-accordion__content brz-d-xs-flex brz-flex-xs-column\">\n<div class=\"brz-accordion__item-content brz-d-xs-flex brz-flex-xs-column\">\n<div id=\"\" class=\"brz-css-1bwcr2k brz-css-10q83nu brz-wrapper\">\n<div class=\"brz-rich-text brz-rich-text__custom brz-css-1diw1kt brz-css-14ous9x\" data-brz-custom-id=\"n7wQumiV9Oqf\">\n<div data-brz-translate-text=\"1\">\n<p class=\"brz-tp-lg-empty brz-ff-roboto brz-ft-google brz-fs-lg-16 brz-fss-lg-px brz-fw-lg-400 brz-ls-lg-0 brz-lh-lg-1_8 brz-vfw-lg-400 brz-fwdth-lg-100 brz-fsft-lg-0 brz-fss-xs-px brz-fw-xs-400 brz-ls-xs-0 brz-lh-xs-1_8 brz-vfw-xs-400 brz-fwdth-xs-100 brz-fsft-xs-0 brz-tp-xs-empty brz-fs-xs-16 brz-css-yTOJc\" data-uniq-id=\"zhaVt\" data-generated-css=\"brz-css-rMXHT\"><span class=\"brz-cp-color7\">Kh\u00f4ng c\u1ea7n n\u1ea5u ch\u00edn! M\u1eb9 c\u00f3 th\u1ec3 tr\u1ed9n tr\u1ef1c ti\u1ebfp v\u00e0o ch\u00e1o, b\u1ed9t, s\u00fap ho\u1eb7c rau c\u1ee7 nghi\u1ec1n \u0111\u1ec3 gi\u1eef tr\u1ecdn v\u1eb9n d\u01b0\u1ee1ng ch\u1ea5t.<\/span><\/p>\n<\/div>\n<\/div>\n<\/div>\n<\/div>\n<\/div>\n<\/div>\n<div class=\"brz-accordion__item\">\n<div class=\"brz-accordion__nav\" data-brz-collapsible=\"off\"><span data-brz-translate-text=\"1\" class=\"brz-accordion__nav-title brz-span brz-text__editor\">What is the recommended daily amount of weaning oil for babies?<\/span><svg class=\"brz-icon-svg align-[initial] brz-accordion-icon brz-accordion__nav--previewIcon--active\"><use href=\"\/wp-content\/plugins\/brizy\/public\/editor-build\/prod\/editor\/icons\/editor\/up-arrow-thin.svg#brz_icon\"><\/use><\/svg><svg class=\"brz-icon-svg align-[initial] brz-accordion-icon brz-accordion__nav--previewIcon\"><use href=\"\/wp-content\/plugins\/brizy\/public\/editor-build\/prod\/editor\/icons\/editor\/down-arrow-thin.svg#brz_icon\"><\/use><\/svg><\/div>\n<div class=\"brz-accordion__content brz-d-xs-flex brz-flex-xs-column\">\n<div class=\"brz-accordion__item-content brz-d-xs-flex brz-flex-xs-column\">\n<div id=\"\" class=\"brz-css-1bwcr2k brz-css-v51d11 brz-wrapper\">\n<div class=\"brz-rich-text brz-rich-text__custom brz-css-1diw1kt brz-css-k435qk\" data-brz-custom-id=\"p3yH5uyBnmvt\">\n<div data-brz-translate-text=\"1\">\n<p data-generated-css=\"brz-css-apz9Z\" data-uniq-id=\"sbzEc\" class=\"brz-vfw-lg-400 brz-fwdth-lg-100 brz-fsft-lg-0 brz-tp-lg-empty brz-ff-roboto brz-ft-google brz-fs-lg-16 brz-fss-lg-px brz-fw-lg-400 brz-ls-lg-0 brz-lh-lg-1_8 brz-css-blO8D\"><span class=\"brz-cp-color7\">Theo khuy\u1ebfn ngh\u1ecb dinh d\u01b0\u1ee1ng (v\u00ed d\u1ee5 nh\u01b0 t\u1eeb <\/span><strong class=\"brz-cp-color7\">Vi\u1ec7n Dinh d\u01b0\u1ee1ng Qu\u1ed1c gia<\/strong><span class=\"brz-cp-color7\"> and <\/span><strong class=\"brz-cp-color7\">Vinmec<\/strong><span class=\"brz-cp-color7\">):<\/span><\/p>\n<ul>\n<li data-generated-css=\"brz-css-jitdx\" data-uniq-id=\"hEb2s\" class=\"brz-vfw-lg-400 brz-fwdth-lg-100 brz-fsft-lg-0 brz-tp-lg-empty brz-ff-roboto brz-ft-google brz-fs-lg-16 brz-fss-lg-px brz-fw-lg-400 brz-ls-lg-0 brz-lh-lg-1_8 brz-css-wqqr1\"><strong class=\"brz-cp-color7\">L\u01b0\u1ee3ng d\u1ea7u \u0103n d\u1eb7m cho b\u00e9 6 th\u00e1ng \u2013 1 tu\u1ed5i<\/strong><span class=\"brz-cp-color7\">:<\/span><\/li>\n<li data-generated-css=\"brz-css-sLJaR\" data-uniq-id=\"zkutL\" class=\"brz-vfw-lg-400 brz-fwdth-lg-100 brz-fsft-lg-0 brz-tp-lg-empty brz-ff-roboto brz-ft-google brz-fs-lg-16 brz-fss-lg-px brz-fw-lg-400 brz-ls-lg-0 brz-lh-lg-1_8 brz-css-vW1_F\"><span class=\"brz-cp-color7\">\ud83d\udc49 <\/span><strong class=\"brz-cp-color7\">1\u20132 th\u00eca c\u00e0 ph\u00ea d\u1ea7u (2,5 \u2013 5 ml)<\/strong><span class=\"brz-cp-color7\"> cho m\u1ed7i b\u1eefa \u0103n d\u1eb7m ch\u00ednh.<\/span><\/li>\n<li data-generated-css=\"brz-css-kTYql\" data-uniq-id=\"jwO3C\" class=\"brz-vfw-lg-400 brz-fwdth-lg-100 brz-fsft-lg-0 brz-tp-lg-empty brz-ff-roboto brz-ft-google brz-fs-lg-16 brz-fss-lg-px brz-fw-lg-400 brz-ls-lg-0 brz-lh-lg-1_8 brz-css-rr0pq\"><span class=\"brz-cp-color7\">\ud83d\udc49 Trung b\u00ecnh <\/span><strong class=\"brz-cp-color7\">2\u20133 b\u1eefa \u0103n d\u1eb7m\/ng\u00e0y<\/strong><span class=\"brz-cp-color7\"> \u2192 t\u1ed5ng kho\u1ea3ng <\/span><strong class=\"brz-cp-color7\">5\u201315 ml d\u1ea7u\/ng\u00e0y<\/strong><span class=\"brz-cp-color7\"> (t\u1ee9c 1\u20133 th\u00eca c\u00e0 ph\u00ea).<\/span><\/li>\n<li data-generated-css=\"brz-css-xjJlc\" data-uniq-id=\"pNk70\" class=\"brz-vfw-lg-400 brz-fwdth-lg-100 brz-fsft-lg-0 brz-tp-lg-empty brz-ff-roboto brz-ft-google brz-fs-lg-16 brz-fss-lg-px brz-fw-lg-400 brz-ls-lg-0 brz-lh-lg-1_8 brz-css-pphks\"><strong class=\"brz-cp-color7\">T\u1eeb 1 tu\u1ed5i tr\u1edf l\u00ean<\/strong><span class=\"brz-cp-color7\">: c\u00f3 th\u1ec3 t\u0103ng l\u00ean <\/span><strong class=\"brz-cp-color7\">2\u20134 th\u00eca c\u00e0 ph\u00ea\/ng\u00e0y<\/strong><span class=\"brz-cp-color7\">, t\u00f9y l\u01b0\u1ee3ng \u0103n v\u00e0 nhu c\u1ea7u n\u0103ng l\u01b0\u1ee3ng c\u1ee7a b\u00e9.<\/span><\/li>\n<\/ul>\n<\/div>\n<\/div>\n<\/div>\n<\/div>\n<\/div>\n<\/div>\n<div class=\"brz-accordion__item\">\n<div class=\"brz-accordion__nav\" data-brz-collapsible=\"off\"><span data-brz-translate-text=\"1\" class=\"brz-accordion__nav-title brz-span brz-text__editor\">Does Biobaby weaning oil use the cold-pressing method?<\/span><svg class=\"brz-icon-svg align-[initial] brz-accordion-icon brz-accordion__nav--previewIcon--active\"><use href=\"\/wp-content\/plugins\/brizy\/public\/editor-build\/prod\/editor\/icons\/editor\/up-arrow-thin.svg#brz_icon\"><\/use><\/svg><svg class=\"brz-icon-svg align-[initial] brz-accordion-icon brz-accordion__nav--previewIcon\"><use href=\"\/wp-content\/plugins\/brizy\/public\/editor-build\/prod\/editor\/icons\/editor\/down-arrow-thin.svg#brz_icon\"><\/use><\/svg><\/div>\n<div class=\"brz-accordion__content brz-d-xs-flex brz-flex-xs-column\">\n<div class=\"brz-accordion__item-content brz-d-xs-flex brz-flex-xs-column\">\n<div id=\"\" class=\"brz-css-1bwcr2k brz-css-x9dku9 brz-wrapper\">\n<div class=\"brz-rich-text brz-rich-text__custom brz-css-1diw1kt brz-css-11u5j2e\" data-brz-custom-id=\"iqX0dZ5vSElx\">\n<div data-brz-translate-text=\"1\">\n<p data-generated-css=\"brz-css-amp1V\" data-uniq-id=\"gOVce\" class=\"brz-vfw-lg-400 brz-fwdth-lg-100 brz-fsft-lg-0 brz-tp-lg-empty brz-ff-roboto brz-ft-google brz-fs-lg-16 brz-fss-lg-px brz-fw-lg-400 brz-ls-lg-0 brz-lh-lg-1_7 brz-css-d6FpT\"><strong class=\"brz-cp-color7\">C\u00f3<\/strong><span class=\"brz-cp-color7\">, D\u1ea7u \u0103n d\u1eb7m BioBaby \u0111\u01b0\u1ee3c <\/span><strong class=\"brz-cp-color7\">\u00e9p l\u1ea1nh<\/strong><span class=\"brz-cp-color7\"> (cold-pressed), gi\u00fap t\u1ed1i \u0111a ho\u00e1 gi\u00e1 tr\u1ecb dinh d\u01b0\u1ee1ng v\u00e0 b\u1ea3o to\u00e0n ch\u1ea5t l\u01b0\u1ee3ng.<\/span><\/p>\n<\/div>\n<\/div>\n<\/div>\n<\/div>\n<\/div>\n<\/div>\n<div class=\"brz-accordion__item\">\n<div class=\"brz-accordion__nav\" data-brz-collapsible=\"off\"><span data-brz-translate-text=\"1\" class=\"brz-accordion__nav-title brz-span brz-text__editor\">Does Biobaby weaning oil contain preservatives or artificial flavors?<\/span><svg class=\"brz-icon-svg align-[initial] brz-accordion-icon brz-accordion__nav--previewIcon--active\"><use href=\"\/wp-content\/plugins\/brizy\/public\/editor-build\/prod\/editor\/icons\/editor\/up-arrow-thin.svg#brz_icon\"><\/use><\/svg><svg class=\"brz-icon-svg align-[initial] brz-accordion-icon brz-accordion__nav--previewIcon\"><use href=\"\/wp-content\/plugins\/brizy\/public\/editor-build\/prod\/editor\/icons\/editor\/down-arrow-thin.svg#brz_icon\"><\/use><\/svg><\/div>\n<div class=\"brz-accordion__content brz-d-xs-flex brz-flex-xs-column\">\n<div class=\"brz-accordion__item-content brz-d-xs-flex brz-flex-xs-column\">\n<div id=\"\" class=\"brz-css-1bwcr2k brz-css-4a3ydi brz-wrapper\">\n<div class=\"brz-rich-text brz-rich-text__custom brz-css-1diw1kt brz-css-wnmbc4\" data-brz-custom-id=\"tvPyXJcVjbEa\">\n<div data-brz-translate-text=\"1\">\n<p data-uniq-id=\"jmZ1R\" data-generated-css=\"brz-css-d2Xk6\" class=\"brz-vfw-lg-400 brz-fwdth-lg-100 brz-fsft-lg-0 brz-tp-lg-empty brz-ff-roboto brz-ft-google brz-fs-lg-16 brz-fss-lg-px brz-fw-lg-400 brz-ls-lg-0 brz-lh-lg-1_8 brz-css-yHoLJ\"><span class=\"brz-cp-color7\">An to\u00e0n tuy\u1ec7t \u0111\u1ed1i: Kh\u00f4ng ch\u1ea5t b\u1ea3o qu\u1ea3n, kh\u00f4ng h\u01b0\u01a1ng li\u1ec7u, \u0111\u1ea1t chu\u1ea9n qu\u1ed1c t\u1ebf cho tr\u1ebb nh\u1ecf<\/span><\/p>\n<\/div>\n<\/div>\n<\/div>\n<\/div>\n<\/div>\n<\/div>\n<div class=\"brz-accordion__item\">\n<div class=\"brz-accordion__nav\" data-brz-collapsible=\"off\"><span data-brz-translate-text=\"1\" class=\"brz-accordion__nav-title brz-span brz-text__editor\">How should Biobaby weaning oil be stored?<\/span><svg class=\"brz-icon-svg align-[initial] brz-accordion-icon brz-accordion__nav--previewIcon--active\"><use href=\"\/wp-content\/plugins\/brizy\/public\/editor-build\/prod\/editor\/icons\/editor\/up-arrow-thin.svg#brz_icon\"><\/use><\/svg><svg class=\"brz-icon-svg align-[initial] brz-accordion-icon brz-accordion__nav--previewIcon\"><use href=\"\/wp-content\/plugins\/brizy\/public\/editor-build\/prod\/editor\/icons\/editor\/down-arrow-thin.svg#brz_icon\"><\/use><\/svg><\/div>\n<div class=\"brz-accordion__content brz-d-xs-flex brz-flex-xs-column\">\n<div class=\"brz-accordion__item-content brz-d-xs-flex brz-flex-xs-column\">\n<div id=\"\" class=\"brz-css-1bwcr2k brz-css-1ezthmn brz-wrapper\">\n<div class=\"brz-rich-text brz-rich-text__custom brz-css-1diw1kt brz-css-1lgm89u\" data-brz-custom-id=\"iJ7Q2SVUrhoa\">\n<div data-brz-translate-text=\"1\">\n<p data-uniq-id=\"a3Eyz\" data-generated-css=\"brz-css-cO3kL\" class=\"brz-tp-lg-empty brz-ff-roboto brz-ft-google brz-fs-lg-16 brz-fss-lg-px brz-fw-lg-400 brz-ls-lg-0 brz-lh-lg-1_8 brz-vfw-lg-400 brz-fwdth-lg-100 brz-fsft-lg-0 brz-css-nJMmM\"><span class=\"brz-cp-color7\">C\u00e1ch b\u1ea3o qu\u1ea3n <\/span><strong class=\"brz-cp-color7\">d\u1ea7u \u0103n d\u1eb7m BioBaby<\/strong><span class=\"brz-cp-color7\"> r\u1ea5t quan tr\u1ecdng v\u00ec \u0111\u00e2y l\u00e0 <\/span><strong class=\"brz-cp-color7\">d\u1ea7u \u00e9p l\u1ea1nh nguy\u00ean ch\u1ea5t<\/strong><span class=\"brz-cp-color7\">, d\u1ec5 b\u1ecb h\u1ecfng n\u1ebfu kh\u00f4ng gi\u1eef \u0111\u00fang \u0111i\u1ec1u ki\u1ec7n.<\/span><\/p>\n<p data-uniq-id=\"yUVfg\" data-generated-css=\"brz-css-jmodN\" class=\"brz-tp-lg-empty brz-ff-roboto brz-ft-google brz-fs-lg-16 brz-fss-lg-px brz-fw-lg-400 brz-ls-lg-0 brz-lh-lg-1_8 brz-vfw-lg-400 brz-fwdth-lg-100 brz-fsft-lg-0 brz-css-nWrDK\"><span class=\"brz-cp-color7\">B\u1ea1n n\u00ean l\u01b0u \u00fd:<\/span><\/p>\n<p data-uniq-id=\"u3c_Q\" data-generated-css=\"brz-css-wrElM\" class=\"brz-tp-lg-empty brz-ff-roboto brz-ft-google brz-fs-lg-16 brz-fss-lg-px brz-fw-lg-400 brz-ls-lg-0 brz-lh-lg-1_8 brz-vfw-lg-400 brz-fwdth-lg-100 brz-fsft-lg-0 brz-css-pwGtV\"><span class=\"brz-cp-color7\">\ud83c\udf7c Nguy\u00ean t\u1eafc b\u1ea3o qu\u1ea3n d\u1ea7u \u0103n d\u1eb7m BioBaby:<\/span><\/p>\n<p class=\"brz-bcp-color7 brz-tp-lg-empty brz-ff-roboto brz-ft-google brz-fs-lg-16 brz-fss-lg-px brz-fw-lg-400 brz-ls-lg-0 brz-lh-lg-1_8 brz-vfw-lg-400 brz-fwdth-lg-100 brz-fsft-lg-0 brz-css-blE51\" data-uniq-id=\"ihocK\" data-generated-css=\"brz-css-rqpr3\"><strong class=\"brz-cp-color7\">I. Nhi\u1ec7t \u0111\u1ed9 &amp; m\u00f4i tr\u01b0\u1eddng<\/strong><\/p>\n<ul>\n<li data-uniq-id=\"u935G\" data-generated-css=\"brz-css-u2Goi\" class=\"brz-tp-lg-empty brz-ff-roboto brz-ft-google brz-fs-lg-16 brz-fss-lg-px brz-fw-lg-400 brz-ls-lg-0 brz-lh-lg-1_8 brz-vfw-lg-400 brz-fwdth-lg-100 brz-fsft-lg-0 brz-css-psby4\"><span class=\"brz-cp-color7\">\u0110\u1ec3 n\u01a1i <\/span><strong class=\"brz-cp-color7\">kh\u00f4 r\u00e1o, tho\u00e1ng m\u00e1t<\/strong><span class=\"brz-cp-color7\">, tr\u00e1nh \u00e1nh n\u1eafng tr\u1ef1c ti\u1ebfp.<\/span><\/li>\n<li class=\"brz-tp-lg-empty brz-ff-roboto brz-ft-google brz-fs-lg-16 brz-fss-lg-px brz-fw-lg-400 brz-ls-lg-0 brz-lh-lg-1_8 brz-vfw-lg-400 brz-fwdth-lg-100 brz-fsft-lg-0 brz-bcp-color7 brz-css-i8pCs\" data-uniq-id=\"kmCoG\" data-generated-css=\"brz-css-nqQlZ\"><span class=\"brz-cp-color7\">Tr\u00e1nh \u0111\u1ec3 g\u1ea7n b\u1ebfp n\u00f3ng, l\u00f2 n\u01b0\u1edbng, ho\u1eb7c n\u01a1i \u1ea9m \u01b0\u1edbt.<\/span><\/li>\n<li data-uniq-id=\"aUSM3\" data-generated-css=\"brz-css-cv21_\" class=\"brz-tp-lg-empty brz-ff-roboto brz-ft-google brz-fs-lg-16 brz-fss-lg-px brz-fw-lg-400 brz-ls-lg-0 brz-lh-lg-1_8 brz-vfw-lg-400 brz-fwdth-lg-100 brz-fsft-lg-0 brz-css-z4rA_\"><span class=\"brz-cp-color7\">Nhi\u1ec7t \u0111\u1ed9 b\u1ea3o qu\u1ea3n l\u00fd t\u01b0\u1edfng: <\/span><strong class=\"brz-cp-color7\">d\u01b0\u1edbi 25\u00b0C<\/strong><span class=\"brz-cp-color7\">. <\/span><\/li>\n<\/ul>\n<p data-uniq-id=\"aUSM3\" class=\"brz-bcp-color7 brz-tp-lg-empty brz-ff-roboto brz-ft-google brz-fs-lg-16 brz-fss-lg-px brz-fw-lg-400 brz-ls-lg-0 brz-lh-lg-1_8 brz-vfw-lg-400 brz-fwdth-lg-100 brz-fsft-lg-0 brz-css-vVNRQ\" data-generated-css=\"brz-css-cv21_\"><\/p>\n<p class=\"brz-bcp-color7 brz-tp-lg-empty brz-ff-roboto brz-ft-google brz-fs-lg-16 brz-fss-lg-px brz-fw-lg-400 brz-ls-lg-0 brz-lh-lg-1_8 brz-vfw-lg-400 brz-fwdth-lg-100 brz-fsft-lg-0 brz-css-wFZFU\" data-uniq-id=\"bymj8\" data-generated-css=\"brz-css-yoKg9\"><strong class=\"brz-cp-color7\">II. Bao b\u00ec<\/strong><\/p>\n<ul>\n<li class=\"brz-tp-lg-empty brz-ff-roboto brz-ft-google brz-fs-lg-16 brz-fss-lg-px brz-fw-lg-400 brz-ls-lg-0 brz-lh-lg-1_8 brz-vfw-lg-400 brz-fwdth-lg-100 brz-fsft-lg-0 brz-bcp-color7 brz-css-tGPab\" data-uniq-id=\"hVe19\" data-generated-css=\"brz-css-nx7X5\"><span class=\"brz-cp-color7\">Lu\u00f4n \u0111\u1eady k\u00edn n\u1eafp sau khi s\u1eed d\u1ee5ng.<\/span><\/li>\n<li class=\"brz-tp-lg-empty brz-ff-roboto brz-ft-google brz-fs-lg-16 brz-fss-lg-px brz-fw-lg-400 brz-ls-lg-0 brz-lh-lg-1_8 brz-vfw-lg-400 brz-fwdth-lg-100 brz-fsft-lg-0 brz-bcp-color7 brz-css-bqrF9\" data-uniq-id=\"utkOI\" data-generated-css=\"brz-css-l7a2r\"><span class=\"brz-cp-color7\">N\u1ebfu chai d\u1ea7u \u0111\u01b0\u1ee3c \u0111\u1ef1ng trong chai th\u1ee7y tinh t\u1ed1i m\u00e0u th\u00ec gi\u1eef nguy\u00ean \u0111\u1ec3 h\u1ea1n ch\u1ebf \u00e1nh s\u00e1ng l\u00e0m h\u1ecfng d\u1ea7u<\/span><\/li>\n<\/ul>\n<p class=\"brz-bcp-color7 brz-tp-lg-empty brz-ff-roboto brz-ft-google brz-fs-lg-16 brz-fss-lg-px brz-fw-lg-400 brz-ls-lg-0 brz-lh-lg-1_8 brz-vfw-lg-400 brz-fwdth-lg-100 brz-fsft-lg-0 brz-css-yuir9\" data-uniq-id=\"u4QTV\" data-generated-css=\"brz-css-pMEoc\"><strong class=\"brz-cp-color7\"> <\/strong><\/p>\n<p class=\"brz-bcp-color7 brz-tp-lg-empty brz-ff-roboto brz-ft-google brz-fs-lg-16 brz-fss-lg-px brz-fw-lg-400 brz-ls-lg-0 brz-lh-lg-1_8 brz-vfw-lg-400 brz-fwdth-lg-100 brz-fsft-lg-0 brz-css-wykxU\" data-uniq-id=\"b5iT9\" data-generated-css=\"brz-css-zicpn\"><strong class=\"brz-cp-color7\">III. Sau khi m\u1edf n\u1eafp<\/strong><\/p>\n<ul>\n<li data-uniq-id=\"u1UZt\" data-generated-css=\"brz-css-xTJZh\" class=\"brz-tp-lg-empty brz-ff-roboto brz-ft-google brz-fs-lg-16 brz-fss-lg-px brz-fw-lg-400 brz-ls-lg-0 brz-lh-lg-1_8 brz-vfw-lg-400 brz-fwdth-lg-100 brz-fsft-lg-0 brz-css-g1Ujr\"><span class=\"brz-cp-color7\">N\u00ean d\u00f9ng trong v\u00f2ng <\/span><strong class=\"brz-cp-color7\">30\u201345 ng\u00e0y<\/strong><span class=\"brz-cp-color7\"> \u0111\u1ec3 \u0111\u1ea3m b\u1ea3o dinh d\u01b0\u1ee1ng t\u1ed1t nh\u1ea5t.<\/span><\/li>\n<li data-uniq-id=\"sQYaD\" data-generated-css=\"brz-css-gTaKf\" class=\"brz-tp-lg-empty brz-ff-roboto brz-ft-google brz-fs-lg-16 brz-fss-lg-px brz-fw-lg-400 brz-ls-lg-0 brz-lh-lg-1_8 brz-vfw-lg-400 brz-fwdth-lg-100 brz-fsft-lg-0 brz-css-c3Nru\"><span class=\"brz-cp-color7\">M\u1ed9t s\u1ed1 m\u1eb9 c\u00f2n ch\u1ecdn <\/span><strong class=\"brz-cp-color7\">b\u1ea3o qu\u1ea3n trong ng\u0103n m\u00e1t t\u1ee7 l\u1ea1nh<\/strong><span class=\"brz-cp-color7\"> sau khi m\u1edf, \u0111\u1ec3 k\u00e9o d\u00e0i th\u1eddi gian s\u1eed d\u1ee5ng v\u00e0 gi\u1eef tr\u1ecdn d\u01b0\u1ee1ng ch\u1ea5t.<\/span><\/li>\n<\/ul>\n<p class=\"brz-bcp-color7 brz-tp-lg-empty brz-ff-roboto brz-ft-google brz-fs-lg-16 brz-fss-lg-px brz-fw-lg-400 brz-ls-lg-0 brz-lh-lg-1_8 brz-vfw-lg-400 brz-fwdth-lg-100 brz-fsft-lg-0 brz-css-oJjHd\" data-uniq-id=\"sNVx3\" data-generated-css=\"brz-css-bjKe5\"><strong class=\"brz-cp-color7\"> <\/strong><\/p>\n<p class=\"brz-bcp-color7 brz-tp-lg-empty brz-ff-roboto brz-ft-google brz-fs-lg-16 brz-fss-lg-px brz-fw-lg-400 brz-ls-lg-0 brz-lh-lg-1_8 brz-vfw-lg-400 brz-fwdth-lg-100 brz-fsft-lg-0 brz-css-rCrXL\" data-uniq-id=\"iyBgf\" data-generated-css=\"brz-css-wgOLo\"><strong class=\"brz-cp-color7\">IV. H\u1ea1n s\u1eed d\u1ee5ng<\/strong><\/p>\n<ul>\n<li data-uniq-id=\"uztbg\" data-generated-css=\"brz-css-oP6vI\" class=\"brz-tp-lg-empty brz-ff-roboto brz-ft-google brz-fs-lg-16 brz-fss-lg-px brz-fw-lg-400 brz-ls-lg-0 brz-lh-lg-1_8 brz-vfw-lg-400 brz-fwdth-lg-100 brz-fsft-lg-0 brz-css-j8PiP\"><span class=\"brz-cp-color7\">Ch\u00fa \u00fd tr\u00ean nh\u00e3n th\u01b0\u1eddng ghi <\/span><strong class=\"brz-cp-color7\">6\u201312 th\u00e1ng k\u1ec3 t\u1eeb ng\u00e0y s\u1ea3n xu\u1ea5t<\/strong><span class=\"brz-cp-color7\"> (khi ch\u01b0a m\u1edf n\u1eafp).<\/span><\/li>\n<li data-uniq-id=\"qwVau\" data-generated-css=\"brz-css-yTksH\" class=\"brz-tp-lg-empty brz-ff-roboto brz-ft-google brz-fs-lg-16 brz-fss-lg-px brz-fw-lg-400 brz-ls-lg-0 brz-lh-lg-1_8 brz-vfw-lg-400 brz-fwdth-lg-100 brz-fsft-lg-0 brz-css-hymI4\"><span class=\"brz-cp-color7\">N\u1ebfu th\u1ea5y d\u1ea7u \u0111\u1ed5i m\u00e0u, c\u00f3 m\u00f9i l\u1ea1 \u2192 <\/span><strong class=\"brz-cp-color7\">kh\u00f4ng n\u00ean d\u00f9ng cho b\u00e9<\/strong><span class=\"brz-cp-color7\">.<\/span><\/li>\n<\/ul>\n<p class=\"brz-bcp-color7 brz-tp-lg-empty brz-ff-roboto brz-ft-google brz-fs-lg-16 brz-fss-lg-px brz-fw-lg-400 brz-ls-lg-0 brz-lh-lg-1_8 brz-vfw-lg-400 brz-fwdth-lg-100 brz-fsft-lg-0 brz-css-iNr_Y\" data-uniq-id=\"m1_S7\" data-generated-css=\"brz-css-st0PW\"><span class=\"brz-cp-color7\"> <\/span><\/p>\n<p data-uniq-id=\"qru2g\" data-generated-css=\"brz-css-x_c78\" class=\"brz-tp-lg-empty brz-ff-roboto brz-ft-google brz-fs-lg-16 brz-fss-lg-px brz-fw-lg-400 brz-ls-lg-0 brz-lh-lg-1_8 brz-vfw-lg-400 brz-fwdth-lg-100 brz-fsft-lg-0 brz-css-zoUfV\"><span class=\"brz-cp-color7\">\ud83d\udc49 Ch\u00fa \u00fd: <\/span><strong class=\"brz-cp-color7\">\u0110\u1eady k\u00edn n\u1eafp, \u0111\u1ec3 n\u01a1i tho\u00e1ng m\u00e1t, tr\u00e1nh n\u1eafng, d\u00f9ng h\u1ebft trong 1\u20131,5 th\u00e1ng sau khi m\u1edf. C\u00f3 th\u1ec3 b\u1ea3o qu\u1ea3n ng\u0103n m\u00e1t t\u1ee7 l\u1ea1nh \u0111\u1ec3 gi\u1eef l\u00e2u h\u01a1n.<\/strong><span class=\"brz-cp-color7\"> <\/span><\/p>\n<\/div>\n<\/div>\n<\/div>\n<\/div>\n<\/div>\n<\/div>\n<\/div>\n<\/div>\n<\/div>\n<\/div>\n<\/section><\/div>\n<p><!-- version:1757642812 --><\/p>","protected":false},"excerpt":{"rendered":"<p>M\u1eb9 h\u1ecfi, Biobaby tr\u1ea3 l\u1eddi D\u1ea7u \u0103n d\u1eb7m BioBaby ph\u00f9 h\u1ee3p cho b\u00e9 m\u1ea5y th\u00e1ng tu\u1ed5i? \u201cD\u1ea7u g\u1ea5c BioBaby l\u00e0 l\u1ef1a ch\u1ecdn \u0111\u01b0\u1ee3c nhi\u1ec1u m\u1eb9 tin d\u00f9ng cho b\u00e9 t\u1eeb 6 th\u00e1ng tu\u1ed5i.\u201d D\u1ea7u \u0103n d\u1eb7m c\u00f3 c\u1ea7n n\u1ea5u ch\u00edn kh\u00f4ng? Kh\u00f4ng c\u1ea7n n\u1ea5u ch\u00edn! M\u1eb9 c\u00f3 th\u1ec3 tr\u1ed9n tr\u1ef1c ti\u1ebfp v\u00e0o ch\u00e1o, b\u1ed9t, s\u00fap [&hellip;]<\/p>","protected":false},"author":1,"featured_media":0,"parent":0,"menu_order":0,"comment_status":"closed","ping_status":"closed","template":"","meta":{"_acf_changed":false,"_uag_custom_page_level_css":"","footnotes":""},"class_list":["post-308","page","type-page","status-publish","hentry"],"blocksy_meta":[],"acf":[],"uagb_featured_image_src":{"full":false,"thumbnail":false,"medium":false,"medium_large":false,"large":false,"1536x1536":false,"2048x2048":false,"trp-custom-language-flag":false,"widget-thumbnail":false,"woocommerce_archive_thumbnail":false,"woocommerce_thumbnail":false,"woocommerce_single":false,"woocommerce_gallery_thumbnail":false},"uagb_author_info":{"display_name":"admin","author_link":"https:\/\/organicbabycare.vn\/en\/author\/admin\/"},"uagb_comment_info":0,"uagb_excerpt":"M\u1eb9 h\u1ecfi, Biobaby tr\u1ea3 l\u1eddi D\u1ea7u \u0103n d\u1eb7m BioBaby ph\u00f9 h\u1ee3p cho b\u00e9 m\u1ea5y th\u00e1ng tu\u1ed5i? \u201cD\u1ea7u g\u1ea5c BioBaby l\u00e0 l\u1ef1a ch\u1ecdn \u0111\u01b0\u1ee3c nhi\u1ec1u m\u1eb9 tin d\u00f9ng cho b\u00e9 t\u1eeb 6 th\u00e1ng tu\u1ed5i.\u201d D\u1ea7u \u0103n d\u1eb7m c\u00f3 c\u1ea7n n\u1ea5u ch\u00edn kh\u00f4ng? Kh\u00f4ng c\u1ea7n n\u1ea5u ch\u00edn! M\u1eb9 c\u00f3 th\u1ec3 tr\u1ed9n tr\u1ef1c ti\u1ebfp v\u00e0o ch\u00e1o, b\u1ed9t, s\u00fap&hellip;","brizy_media":[{"id":326,"url":"https:\/\/organicbabycare.vn\/wp-content\/uploads\/2025\/08\/Group-97.png","name":"Group-97.png","meta":{"brizy_attachment_uid":"wp-f38441d6eb810723bb093206ffd36edf.png","brizy_post_uid":["589c3b30fdf9ca5fe1fa45e9274c9ecf","2f748439197aad869c80adfcadb22d17","9a29d6db70942fd3132bcb87b7e4fecf"]}}],"_links":{"self":[{"href":"https:\/\/organicbabycare.vn\/en\/wp-json\/wp\/v2\/pages\/308","targetHints":{"allow":["GET"]}}],"collection":[{"href":"https:\/\/organicbabycare.vn\/en\/wp-json\/wp\/v2\/pages"}],"about":[{"href":"https:\/\/organicbabycare.vn\/en\/wp-json\/wp\/v2\/types\/page"}],"author":[{"embeddable":true,"href":"https:\/\/organicbabycare.vn\/en\/wp-json\/wp\/v2\/users\/1"}],"replies":[{"embeddable":true,"href":"https:\/\/organicbabycare.vn\/en\/wp-json\/wp\/v2\/comments?post=308"}],"version-history":[{"count":21,"href":"https:\/\/organicbabycare.vn\/en\/wp-json\/wp\/v2\/pages\/308\/revisions"}],"predecessor-version":[{"id":1488,"href":"https:\/\/organicbabycare.vn\/en\/wp-json\/wp\/v2\/pages\/308\/revisions\/1488"}],"wp:attachment":[{"href":"https:\/\/organicbabycare.vn\/en\/wp-json\/wp\/v2\/media?parent=308"}],"curies":[{"name":"wp","href":"https:\/\/api.w.org\/{rel}","templated":true}]}}