{"id":1199,"date":"2025-09-09T13:17:35","date_gmt":"2025-09-09T06:17:35","guid":{"rendered":"https:\/\/organicbabycare.vn\/?post_type=product&#038;p=1199"},"modified":"2025-09-26T17:54:17","modified_gmt":"2025-09-26T10:54:17","slug":"banh-an-dam-vi-khoai-lang-tim-tui-30-g","status":"publish","type":"product","link":"https:\/\/organicbabycare.vn\/en\/product\/banh-an-dam-vi-khoai-lang-tim-tui-30-g\/","title":{"rendered":"Biobaby Baby Puffs - Purple Sweet Potato Flavor 30g"},"content":{"rendered":"<p data-start=\"979\" data-end=\"1275\">Biobaby Weaning Snacks <strong data-start=\"1002\" data-end=\"1020\">- Purple Sweet Potato<\/strong> are made from certified organic ingredients, preserving the natural flavor and vibrant color of purple sweet potato. This snack is not only delicious but also helps babies gain essential nutrients and get familiar with a variety of foods from an early stage.<\/p>\n<h2><span style=\"color: #3672b7;\"><b>Product Information<\/b><\/span><\/h2>\n<p><a href=\"https:\/\/organicbabycare.vn\/wp-content\/uploads\/2025\/09\/CAC-VI-BANH-TUI-BIOBABY.jpg\"><img loading=\"lazy\" decoding=\"async\" class=\"aligncenter size-full wp-image-1519\" src=\"https:\/\/organicbabycare.vn\/wp-content\/uploads\/2025\/09\/CAC-VI-BANH-TUI-BIOBABY.jpg\" alt=\"CA\u0301C VI\u0323 BA\u0301NH \u0102N D\u1eb6M BIOBABY D\u1ea0NG T\u00daI\" width=\"1500\" height=\"1500\" title=\"\" srcset=\"https:\/\/organicbabycare.vn\/wp-content\/uploads\/2025\/09\/CAC-VI-BANH-TUI-BIOBABY.jpg 1500w, https:\/\/organicbabycare.vn\/wp-content\/uploads\/2025\/09\/CAC-VI-BANH-TUI-BIOBABY-300x300.jpg 300w, https:\/\/organicbabycare.vn\/wp-content\/uploads\/2025\/09\/CAC-VI-BANH-TUI-BIOBABY-1024x1024.jpg 1024w, https:\/\/organicbabycare.vn\/wp-content\/uploads\/2025\/09\/CAC-VI-BANH-TUI-BIOBABY-150x150.jpg 150w, https:\/\/organicbabycare.vn\/wp-content\/uploads\/2025\/09\/CAC-VI-BANH-TUI-BIOBABY-768x768.jpg 768w, https:\/\/organicbabycare.vn\/wp-content\/uploads\/2025\/09\/CAC-VI-BANH-TUI-BIOBABY-12x12.jpg 12w, https:\/\/organicbabycare.vn\/wp-content\/uploads\/2025\/09\/CAC-VI-BANH-TUI-BIOBABY-75x75.jpg 75w, https:\/\/organicbabycare.vn\/wp-content\/uploads\/2025\/09\/CAC-VI-BANH-TUI-BIOBABY-500x500.jpg 500w, https:\/\/organicbabycare.vn\/wp-content\/uploads\/2025\/09\/CAC-VI-BANH-TUI-BIOBABY-600x600.jpg 600w, https:\/\/organicbabycare.vn\/wp-content\/uploads\/2025\/09\/CAC-VI-BANH-TUI-BIOBABY-80x80.jpg 80w\" sizes=\"auto, (max-width: 1500px) 100vw, 1500px\" \/><\/a><\/p>\n<ul>\n<li><b>Product Name:<\/b><span style=\"font-weight: 400;\"> Biobaby Weaning Snacks - Purple Sweet Potato<\/span><\/li>\n<li><b>Brand:<\/b><span style=\"font-weight: 400;\"> Biobaby<\/span><\/li>\n<li><b>Form:<\/b><span style=\"font-weight: 400;\"> Small ring-shaped puffs, light &amp; crunchy, in a convenient plastic jar<\/span><\/li>\n<li><b>Net Weight<\/b><span style=\"font-weight: 400;\"> 30\/ pouch<\/span><\/li>\n<li><b>Origin:<\/b><span style=\"font-weight: 400;\"> Vietnam (Korean technology)<\/span><\/li>\n<li><b>Manufacturer:<\/b><span style=\"font-weight: 400;\"> Organic Baby Care Co., Ltd.<\/span><\/li>\n<\/ul>\n<h2><span style=\"color: #3672b7;\">Intended Users<\/span><\/h2>\n<ul>\n<li style=\"font-weight: 400;\" aria-level=\"1\"><span style=\"font-weight: 400;\">For <strong>babies 6 months and older<\/strong>.<\/span><\/li>\n<li style=\"font-weight: 400;\" aria-level=\"1\"><span style=\"font-weight: 400;\">Suitable for Baby-Led Weaning (BLW) or finger food.<\/span><\/li>\n<li style=\"font-weight: 400;\" aria-level=\"1\"><span style=\"font-weight: 400;\">Helps provide calcium and fiber while introducing babies to natural vegetable flavors.<\/span><\/li>\n<\/ul>\n<h2><span style=\"color: #3672b7;\">Ingredients<\/span><\/h2>\n<p><span style=\"font-weight: 400;\">Rice, organic sugar, organic purple sweet potato powder (2%), inulin (1.5%), oat flour, calcium from cod bones, vitamin A (beta-carotene), gardenia extract.<\/span><\/p>\n<p><b>Nutrition Facts (per 100 g)<\/b><\/p>\n<ul>\n<li style=\"font-weight: 400;\" aria-level=\"1\"><span style=\"font-weight: 400;\"><strong>Energy<\/strong>: 382 kcal (19.1% NRV)<\/span><\/li>\n<li style=\"font-weight: 400;\" aria-level=\"1\"><span style=\"font-weight: 400;\"><strong>Protein<\/strong>: 8.21 g (16.4% NRV)<\/span><\/li>\n<li style=\"font-weight: 400;\" aria-level=\"1\"><span style=\"font-weight: 400;\"><strong>Fat<\/strong>: 0.9 g (4.7% NRV)<\/span><\/li>\n<li style=\"font-weight: 400;\" aria-level=\"1\"><span style=\"font-weight: 400;\"><strong>Carbohydrate<\/strong>: 87.41 g (26.9% NRV)<\/span><\/li>\n<li style=\"font-weight: 400;\" aria-level=\"1\"><span style=\"font-weight: 400;\"><strong>Total Sugars<\/strong>: 7.08 g<\/span><\/li>\n<li style=\"font-weight: 400;\" aria-level=\"1\"><span style=\"font-weight: 400;\"><strong>Dietary Fiber:<\/strong>: 0.9 g (4.7% NRV)<\/span><\/li>\n<li style=\"font-weight: 400;\" aria-level=\"1\"><span style=\"font-weight: 400;\"><strong>Natri<\/strong>: 7.3 mg (0.4% NRV)<\/span><\/li>\n<li style=\"font-weight: 400;\" aria-level=\"1\"><span style=\"font-weight: 400;\"><strong>Canxi<\/strong>: 149 mg (29.8% NRV)<\/span><\/li>\n<\/ul>\n<h2><span style=\"color: #3672b7;\">C\u00f4ng d\u1ee5ng<\/span><\/h2>\n<p><a href=\"https:\/\/organicbabycare.vn\/wp-content\/uploads\/2025\/09\/USP-BANH-TUI-BIOBABY.jpg\"><img loading=\"lazy\" decoding=\"async\" class=\"aligncenter size-full wp-image-1520\" src=\"https:\/\/organicbabycare.vn\/wp-content\/uploads\/2025\/09\/USP-BANH-TUI-BIOBABY.jpg\" alt=\"\u0110I\u1ec2M N\u1ed8I B\u1eacT C\u1ee6A B\u00c1NH \u0102N D\u1eb6M BIOBABY\" width=\"1500\" height=\"1500\" title=\"\" srcset=\"https:\/\/organicbabycare.vn\/wp-content\/uploads\/2025\/09\/USP-BANH-TUI-BIOBABY.jpg 1500w, https:\/\/organicbabycare.vn\/wp-content\/uploads\/2025\/09\/USP-BANH-TUI-BIOBABY-300x300.jpg 300w, https:\/\/organicbabycare.vn\/wp-content\/uploads\/2025\/09\/USP-BANH-TUI-BIOBABY-1024x1024.jpg 1024w, https:\/\/organicbabycare.vn\/wp-content\/uploads\/2025\/09\/USP-BANH-TUI-BIOBABY-150x150.jpg 150w, https:\/\/organicbabycare.vn\/wp-content\/uploads\/2025\/09\/USP-BANH-TUI-BIOBABY-768x768.jpg 768w, https:\/\/organicbabycare.vn\/wp-content\/uploads\/2025\/09\/USP-BANH-TUI-BIOBABY-12x12.jpg 12w, https:\/\/organicbabycare.vn\/wp-content\/uploads\/2025\/09\/USP-BANH-TUI-BIOBABY-75x75.jpg 75w, https:\/\/organicbabycare.vn\/wp-content\/uploads\/2025\/09\/USP-BANH-TUI-BIOBABY-500x500.jpg 500w, https:\/\/organicbabycare.vn\/wp-content\/uploads\/2025\/09\/USP-BANH-TUI-BIOBABY-600x600.jpg 600w, https:\/\/organicbabycare.vn\/wp-content\/uploads\/2025\/09\/USP-BANH-TUI-BIOBABY-80x80.jpg 80w\" sizes=\"auto, (max-width: 1500px) 100vw, 1500px\" \/><\/a><\/p>\n<ul>\n<li data-start=\"1484\" data-end=\"1562\"><strong data-start=\"1484\" data-end=\"1510\">Rich in natural fiber:<\/strong> Supports healthy digestion and helps prevent constipation.<\/li>\n<li data-start=\"1565\" data-end=\"1631\"><strong data-start=\"1565\" data-end=\"1583\">Added calcium:<\/strong> Supports the development of strong bones and teeth.<\/li>\n<li data-start=\"1634\" data-end=\"1738\"><strong data-start=\"1634\" data-end=\"1678\">Nutrient-rich purple sweet potato:<\/strong> Provides antioxidant micronutrients to support overall health.<\/li>\n<li data-start=\"1741\" data-end=\"1808\"><strong data-start=\"1741\" data-end=\"1763\">Mildly sweet flavor:<\/strong> Suited to little ones\u2019 taste buds, encouraging enjoyable eating.<\/li>\n<li data-start=\"1811\" data-end=\"1899\"><strong data-start=\"1811\" data-end=\"1833\">Completely safe:<\/strong> Free from artificial colors, preservatives, and flavorings.<\/li>\n<\/ul>\n<h2><span style=\"color: #3672b7;\">Directions for Use and Storage<\/span><\/h2>\n<div class=\"brz-root__container\">\n<ul>\n<li><b>Usage:<\/b><span style=\"font-weight: 400;\"> Ready to eat; perfect as a snack or with porridge\/milk.<\/span><\/li>\n<li><b>Note:<\/b><span style=\"font-weight: 400;\"> Adult supervision required while your baby eats to prevent choking.<\/span><\/li>\n<li><b>Storage:<\/b><span style=\"font-weight: 400;\"> Keep in a cool, dry place. Seal after opening and consume within 7 days. <\/span><span style=\"font-weight: 400;\">Do not use if expired or spoiled.<\/span><\/li>\n<\/ul>\n<h2><span style=\"color: #3672b7;\">Expiry Date<\/span><\/h2>\n<p><span style=\"font-weight: 400;\">Printed on product packaging<\/span><\/p>\n<p><a class=\"custom-button\" href=\"https:\/\/drive.google.com\/file\/d\/1bm3U_zI-WFGyaDmQSP5f_AdB372c5QBl\/view?usp=sharing\" target=\"_blank\" rel=\"noopener noreferrer nofollow\">Product Dossier<\/a><\/p>\n<\/div>","protected":false},"excerpt":{"rendered":"<p data-start=\"101\" data-end=\"218\" class=\"translation-block\">Purple sweet potato is a naturally colorful tuber, rich in plant nutrients with a mild, naturally sweet taste. It\u2019s a gentle choice, perfectly suited for babies\u2019 delicate digestive systems during the weaning stage.<\/p>\n<ul>\n<li data-start=\"716\" data-end=\"773\">100% Organic Vegetables \u2013 certified organic ingredients<\/li>\n<li data-start=\"776\" data-end=\"794\">Enriched with Calcium<\/li>\n<li data-start=\"797\" data-end=\"820\">Contains Natural Fiber<\/li>\n<li data-start=\"823\" data-end=\"854\">Gluten-Free<\/li>\n<\/ul>","protected":false},"featured_media":1205,"comment_status":"open","ping_status":"closed","template":"","meta":{"_acf_changed":false,"_uag_custom_page_level_css":""},"old":[],"product_brand":[],"product_cat":[25],"product_tag":[],"class_list":{"0":"post-1199","1":"product","2":"type-product","3":"status-publish","4":"has-post-thumbnail","6":"product_cat-banh-an-dam-biobaby","8":"first","9":"instock","10":"taxable","11":"shipping-taxable","12":"purchasable","13":"product-type-simple"},"acf":[],"uagb_featured_image_src":{"full":["https:\/\/organicbabycare.vn\/wp-content\/uploads\/2025\/09\/BAD-KHOAI-LANG-TIM.png",1200,1200,false],"thumbnail":["https:\/\/organicbabycare.vn\/wp-content\/uploads\/2025\/09\/BAD-KHOAI-LANG-TIM-150x150.png",150,150,true],"medium":["https:\/\/organicbabycare.vn\/wp-content\/uploads\/2025\/09\/BAD-KHOAI-LANG-TIM-300x300.png",300,300,true],"medium_large":["https:\/\/organicbabycare.vn\/wp-content\/uploads\/2025\/09\/BAD-KHOAI-LANG-TIM-768x768.png",768,768,true],"large":["https:\/\/organicbabycare.vn\/wp-content\/uploads\/2025\/09\/BAD-KHOAI-LANG-TIM-1024x1024.png",1024,1024,true],"1536x1536":["https:\/\/organicbabycare.vn\/wp-content\/uploads\/2025\/09\/BAD-KHOAI-LANG-TIM.png",1200,1200,false],"2048x2048":["https:\/\/organicbabycare.vn\/wp-content\/uploads\/2025\/09\/BAD-KHOAI-LANG-TIM.png",1200,1200,false],"trp-custom-language-flag":["https:\/\/organicbabycare.vn\/wp-content\/uploads\/2025\/09\/BAD-KHOAI-LANG-TIM-12x12.png",12,12,true],"widget-thumbnail":["https:\/\/organicbabycare.vn\/wp-content\/uploads\/2025\/09\/BAD-KHOAI-LANG-TIM-75x75.png",75,75,true],"woocommerce_archive_thumbnail":["https:\/\/organicbabycare.vn\/wp-content\/uploads\/2025\/09\/BAD-KHOAI-LANG-TIM-500x500.png",500,500,true],"woocommerce_thumbnail":["https:\/\/organicbabycare.vn\/wp-content\/uploads\/2025\/09\/BAD-KHOAI-LANG-TIM-300x300.png",300,300,true],"woocommerce_single":["https:\/\/organicbabycare.vn\/wp-content\/uploads\/2025\/09\/BAD-KHOAI-LANG-TIM-600x600.png",600,600,true],"woocommerce_gallery_thumbnail":["https:\/\/organicbabycare.vn\/wp-content\/uploads\/2025\/09\/BAD-KHOAI-LANG-TIM-80x80.png",80,80,true]},"uagb_author_info":{"display_name":"admin","author_link":"https:\/\/organicbabycare.vn\/en\/author\/"},"uagb_comment_info":0,"uagb_excerpt":"Khoai lang t\u00edm l\u00e0 lo\u1ea1i c\u1ee7 t\u1ef1 nhi\u00ean c\u00f3 m\u00e0u s\u1eafc \u0111\u1eb9p m\u1eaft, ch\u1ee9a nhi\u1ec1u d\u01b0\u1ee1ng ch\u1ea5t th\u1ef1c v\u1eadt v\u00e0 v\u1ecb ng\u1ecdt thanh d\u1ecbu. \u0110\u00e2y l\u00e0 l\u1ef1a ch\u1ecdn nh\u1eb9 nh\u00e0ng, ph\u00f9 h\u1ee3p v\u1edbi h\u1ec7 ti\u00eau h\u00f3a c\u00f2n non n\u1edbt c\u1ee7a b\u00e9 trong giai \u0111o\u1ea1n t\u1eadp \u0103n d\u1eb7m. 100% rau c\u1ee7 h\u1eefu c\u01a1 \u2013 nguy\u00ean li\u1ec7u&hellip;","brizy_media":[],"_links":{"self":[{"href":"https:\/\/organicbabycare.vn\/en\/wp-json\/wp\/v2\/product\/1199","targetHints":{"allow":["GET"]}}],"collection":[{"href":"https:\/\/organicbabycare.vn\/en\/wp-json\/wp\/v2\/product"}],"about":[{"href":"https:\/\/organicbabycare.vn\/en\/wp-json\/wp\/v2\/types\/product"}],"replies":[{"embeddable":true,"href":"https:\/\/organicbabycare.vn\/en\/wp-json\/wp\/v2\/comments?post=1199"}],"wp:featuredmedia":[{"embeddable":true,"href":"https:\/\/organicbabycare.vn\/en\/wp-json\/wp\/v2\/media\/1205"}],"wp:attachment":[{"href":"https:\/\/organicbabycare.vn\/en\/wp-json\/wp\/v2\/media?parent=1199"}],"wp:term":[{"taxonomy":"old","embeddable":true,"href":"https:\/\/organicbabycare.vn\/en\/wp-json\/wp\/v2\/old?post=1199"},{"taxonomy":"product_brand","embeddable":true,"href":"https:\/\/organicbabycare.vn\/en\/wp-json\/wp\/v2\/product_brand?post=1199"},{"taxonomy":"product_cat","embeddable":true,"href":"https:\/\/organicbabycare.vn\/en\/wp-json\/wp\/v2\/product_cat?post=1199"},{"taxonomy":"product_tag","embeddable":true,"href":"https:\/\/organicbabycare.vn\/en\/wp-json\/wp\/v2\/product_tag?post=1199"}],"curies":[{"name":"wp","href":"https:\/\/api.w.org\/{rel}","templated":true}]}}