{"id":1216,"date":"2025-09-09T14:29:43","date_gmt":"2025-09-09T07:29:43","guid":{"rendered":"https:\/\/organicbabycare.vn\/?post_type=product&#038;p=1216"},"modified":"2025-09-26T17:50:03","modified_gmt":"2025-09-26T10:50:03","slug":"banh-an-dam-vi-bap-bi-do-tui-30-g","status":"publish","type":"product","link":"https:\/\/organicbabycare.vn\/en\/product\/banh-an-dam-vi-bap-bi-do-tui-30-g\/","title":{"rendered":"Biobaby Weaning Snacks \u2013 Corn &amp; Pumpkin, 30g"},"content":{"rendered":"<p data-start=\"229\" data-end=\"348\" class=\"translation-block\">The digestive system is often called the \u201csecond brain\u201d of the body, as it plays a vital role in daily nutrient absorption.<\/p>\n<p data-start=\"644\" data-end=\"885\">Biobaby Weaning Snacks <strong data-start=\"667\" data-end=\"682\">- Corn &amp; Pumpkin<\/strong> are made from safe organic ingredients, this snack offers a light, easy-to-eat flavor. It is an ideal choice for babies starting their weaning journey, while supporting the healthy function of their delicate digestive system.<\/p>\n<h2><span style=\"color: #3672b7;\"><b>Product Information<\/b><\/span><\/h2>\n<p><a href=\"https:\/\/organicbabycare.vn\/wp-content\/uploads\/2025\/09\/CAC-VI-BANH-TUI-BIOBABY.jpg\"><img loading=\"lazy\" decoding=\"async\" class=\"aligncenter size-full wp-image-1519\" src=\"https:\/\/organicbabycare.vn\/wp-content\/uploads\/2025\/09\/CAC-VI-BANH-TUI-BIOBABY.jpg\" alt=\"CA\u0301C VI\u0323 BA\u0301NH \u0102N D\u1eb6M BIOBABY D\u1ea0NG T\u00daI\" width=\"1500\" height=\"1500\" title=\"\" srcset=\"https:\/\/organicbabycare.vn\/wp-content\/uploads\/2025\/09\/CAC-VI-BANH-TUI-BIOBABY.jpg 1500w, https:\/\/organicbabycare.vn\/wp-content\/uploads\/2025\/09\/CAC-VI-BANH-TUI-BIOBABY-300x300.jpg 300w, https:\/\/organicbabycare.vn\/wp-content\/uploads\/2025\/09\/CAC-VI-BANH-TUI-BIOBABY-1024x1024.jpg 1024w, https:\/\/organicbabycare.vn\/wp-content\/uploads\/2025\/09\/CAC-VI-BANH-TUI-BIOBABY-150x150.jpg 150w, https:\/\/organicbabycare.vn\/wp-content\/uploads\/2025\/09\/CAC-VI-BANH-TUI-BIOBABY-768x768.jpg 768w, https:\/\/organicbabycare.vn\/wp-content\/uploads\/2025\/09\/CAC-VI-BANH-TUI-BIOBABY-12x12.jpg 12w, https:\/\/organicbabycare.vn\/wp-content\/uploads\/2025\/09\/CAC-VI-BANH-TUI-BIOBABY-75x75.jpg 75w, https:\/\/organicbabycare.vn\/wp-content\/uploads\/2025\/09\/CAC-VI-BANH-TUI-BIOBABY-500x500.jpg 500w, https:\/\/organicbabycare.vn\/wp-content\/uploads\/2025\/09\/CAC-VI-BANH-TUI-BIOBABY-600x600.jpg 600w, https:\/\/organicbabycare.vn\/wp-content\/uploads\/2025\/09\/CAC-VI-BANH-TUI-BIOBABY-80x80.jpg 80w\" sizes=\"auto, (max-width: 1500px) 100vw, 1500px\" \/><\/a><\/p>\n<ul>\n<li><b>Product Name:<\/b><span style=\"font-weight: 400;\"> Biobaby Weaning Snacks \u2013 Corn &amp; Pumpkin<\/span><\/li>\n<li><b>Brand:<\/b><span style=\"font-weight: 400;\"> Biobaby<\/span><\/li>\n<li><b>Form:<\/b><span style=\"font-weight: 400;\"> Small ring-shaped puffs, light &amp; crunchy, in a convenient plastic jar<\/span><\/li>\n<li><b>Net Weight<\/b><span style=\"font-weight: 400;\"> 30\/ pouch<\/span><\/li>\n<li><b>Origin:<\/b><span style=\"font-weight: 400;\"> Vietnam (Korean technology)<\/span><\/li>\n<li><b>Manufacturer:<\/b><span style=\"font-weight: 400;\"> Organic Baby Care Co., Ltd.<\/span><\/li>\n<\/ul>\n<h2><span style=\"color: #3672b7;\">Intended Users<\/span><\/h2>\n<ul>\n<li style=\"font-weight: 400;\" aria-level=\"1\"><span style=\"font-weight: 400;\">For <strong>babies 6 months and older<\/strong>.<\/span><\/li>\n<li style=\"font-weight: 400;\" aria-level=\"1\"><span style=\"font-weight: 400;\">Suitable for Baby-Led Weaning (BLW) or finger food.<\/span><\/li>\n<li style=\"font-weight: 400;\" aria-level=\"1\"><span style=\"font-weight: 400;\">Helps provide calcium and fiber while introducing babies to natural vegetable flavors.<\/span><\/li>\n<\/ul>\n<h2><span style=\"color: #3672b7;\">Ingredients<\/span><\/h2>\n<p><span style=\"font-weight: 400;\">Rice, organic sugar, organic sweet corn powder (1.8%), inulin (1.5%), oat powder, organic pumpkin powder (0.7%), calcium from cod bones, vitamin A (beta-carotene), gardenia extract.<\/span><\/p>\n<p><b>Nutrition Facts (per 100 g)<\/b><\/p>\n<ul>\n<li style=\"font-weight: 400;\" aria-level=\"1\"><span style=\"font-weight: 400;\"><strong>Energy:<\/strong> 377 kcal<\/span><span style=\"font-weight: 400;\"><br \/>\n<\/span><\/li>\n<li style=\"font-weight: 400;\" aria-level=\"1\"><span style=\"font-weight: 400;\"><strong>Protein:<\/strong> 8.11 g<\/span><span style=\"font-weight: 400;\"><br \/>\n<\/span><\/li>\n<li style=\"font-weight: 400;\" aria-level=\"1\"><span style=\"font-weight: 400;\"><strong>Carbohydrate<\/strong>: 87.11 g<\/span><span style=\"font-weight: 400;\"><br \/>\n<\/span><\/li>\n<li style=\"font-weight: 400;\" aria-level=\"1\"><span style=\"font-weight: 400;\"><strong>Total Sugars<\/strong>: 4.34 g<\/span><span style=\"font-weight: 400;\"><br \/>\n<\/span><\/li>\n<li style=\"font-weight: 400;\" aria-level=\"1\"><span style=\"font-weight: 400;\"><strong>Fat<\/strong>: 0.54 g<\/span><span style=\"font-weight: 400;\"><br \/>\n<\/span><\/li>\n<li style=\"font-weight: 400;\" aria-level=\"1\"><span style=\"font-weight: 400;\"><strong>Dietary Fiber:<\/strong> 0.83 g<\/span><span style=\"font-weight: 400;\"><br \/>\n<\/span><\/li>\n<li style=\"font-weight: 400;\" aria-level=\"1\"><span style=\"font-weight: 400;\"><strong>Natri<\/strong>: 5.4 mg<\/span><\/li>\n<li style=\"font-weight: 400;\" aria-level=\"1\"><span style=\"font-weight: 400;\"><strong>Canxi<\/strong>: 112 mg<\/span><\/li>\n<\/ul>\n<h2><span style=\"color: #3672b7;\">C\u00f4ng d\u1ee5ng<\/span><\/h2>\n<p><a href=\"https:\/\/organicbabycare.vn\/wp-content\/uploads\/2025\/09\/USP-BANH-TUI-BIOBABY.jpg\"><img loading=\"lazy\" decoding=\"async\" class=\"aligncenter size-full wp-image-1520\" src=\"https:\/\/organicbabycare.vn\/wp-content\/uploads\/2025\/09\/USP-BANH-TUI-BIOBABY.jpg\" alt=\"\u0110I\u1ec2M N\u1ed8I B\u1eacT C\u1ee6A B\u00c1NH \u0102N D\u1eb6M BIOBABY\" width=\"1500\" height=\"1500\" title=\"\" srcset=\"https:\/\/organicbabycare.vn\/wp-content\/uploads\/2025\/09\/USP-BANH-TUI-BIOBABY.jpg 1500w, https:\/\/organicbabycare.vn\/wp-content\/uploads\/2025\/09\/USP-BANH-TUI-BIOBABY-300x300.jpg 300w, https:\/\/organicbabycare.vn\/wp-content\/uploads\/2025\/09\/USP-BANH-TUI-BIOBABY-1024x1024.jpg 1024w, https:\/\/organicbabycare.vn\/wp-content\/uploads\/2025\/09\/USP-BANH-TUI-BIOBABY-150x150.jpg 150w, https:\/\/organicbabycare.vn\/wp-content\/uploads\/2025\/09\/USP-BANH-TUI-BIOBABY-768x768.jpg 768w, https:\/\/organicbabycare.vn\/wp-content\/uploads\/2025\/09\/USP-BANH-TUI-BIOBABY-12x12.jpg 12w, https:\/\/organicbabycare.vn\/wp-content\/uploads\/2025\/09\/USP-BANH-TUI-BIOBABY-75x75.jpg 75w, https:\/\/organicbabycare.vn\/wp-content\/uploads\/2025\/09\/USP-BANH-TUI-BIOBABY-500x500.jpg 500w, https:\/\/organicbabycare.vn\/wp-content\/uploads\/2025\/09\/USP-BANH-TUI-BIOBABY-600x600.jpg 600w, https:\/\/organicbabycare.vn\/wp-content\/uploads\/2025\/09\/USP-BANH-TUI-BIOBABY-80x80.jpg 80w\" sizes=\"auto, (max-width: 1500px) 100vw, 1500px\" \/><\/a><\/p>\n<ul>\n<li data-start=\"1076\" data-end=\"1148\"><strong data-start=\"1076\" data-end=\"1097\">Natural Fibers:<\/strong> Support healthy digestion and help reduce the risk of constipation.<\/li>\n<li data-start=\"1151\" data-end=\"1233\"><strong data-start=\"1151\" data-end=\"1168\">Organic pumpkin:<\/strong> Rich in natural beta-carotene, beneficial for eye health and immunity.<\/li>\n<li data-start=\"1236\" data-end=\"1314\"><strong data-start=\"1236\" data-end=\"1249\">Sweet corn:<\/strong> Provides energy and essential nutrients for growth.<\/li>\n<li data-start=\"1317\" data-end=\"1374\"><strong data-start=\"1317\" data-end=\"1341\">Delicately sweet and baby-friendly:<\/strong> Perfect for little ones starting their weaning journey.<\/li>\n<li data-start=\"1377\" data-end=\"1457\"><strong data-start=\"1377\" data-end=\"1408\">Gentle on digestion:<\/strong> Safe formula that is easy on your baby\u2019s tummy.<\/li>\n<\/ul>\n<h2><span style=\"color: #3672b7;\">Directions for Use and Storage<\/span><\/h2>\n<div class=\"brz-root__container\">\n<ul>\n<li><b>Usage:<\/b>\n<ul>\n<li data-start=\"2008\" data-end=\"2053\">Serve directly as a nutritious snack between meals.<\/li>\n<li data-start=\"2056\" data-end=\"2144\">Can be enjoyed as a light snack between main meals or taken along for outings and picnics.<\/li>\n<\/ul>\n<\/li>\n<li><b>Note:<\/b><span style=\"font-weight: 400;\"> Always supervise your little one while eating to ensure safety.<\/span><\/li>\n<li><b>Storage:<\/b><span style=\"font-weight: 400;\"> Keep in a cool, dry place. Seal after opening and consume within 7 days. <\/span><span style=\"font-weight: 400;\">Do not use if expired or spoiled.<\/span><\/li>\n<\/ul>\n<h2><span style=\"color: #3672b7;\">Expiry Date<\/span><\/h2>\n<p><span style=\"font-weight: 400;\">Printed on product packaging<\/span><\/p>\n<p><a class=\"custom-button\" href=\"https:\/\/drive.google.com\/file\/d\/1ipymbMKd5QxVB8VNhWb3kj36basC5etd\/view?usp=sharing\" target=\"_blank\" rel=\"noopener noreferrer nofollow\">Product Dossier<\/a><\/p>\n<\/div>","protected":false},"excerpt":{"rendered":"<p data-start=\"30\" data-end=\"227\" class=\"translation-block\">The combination of organic sweet corn and pumpkin \u2013 two nutrient-rich plants \u2013 creates light, easy-to-eat puffs that are perfectly suited for babies in their early weaning days.<\/p>\n<ul>\n<li data-start=\"710\" data-end=\"767\">100% Organic Vegetables \u2013 certified organic ingredients<\/li>\n<li data-start=\"770\" data-end=\"788\">Enriched with Calcium<\/li>\n<li data-start=\"791\" data-end=\"814\">Contains Natural Fiber<\/li>\n<li data-start=\"817\" data-end=\"848\">Gluten-Free<\/li>\n<\/ul>","protected":false},"featured_media":1200,"comment_status":"open","ping_status":"closed","template":"","meta":{"_acf_changed":false,"_uag_custom_page_level_css":""},"old":[],"product_brand":[],"product_cat":[25],"product_tag":[],"class_list":{"0":"post-1216","1":"product","2":"type-product","3":"status-publish","4":"has-post-thumbnail","6":"product_cat-banh-an-dam-biobaby","8":"first","9":"instock","10":"taxable","11":"shipping-taxable","12":"purchasable","13":"product-type-simple"},"acf":[],"uagb_featured_image_src":{"full":["https:\/\/organicbabycare.vn\/wp-content\/uploads\/2025\/09\/BAD-BAP-BI-DO.png",1200,1200,false],"thumbnail":["https:\/\/organicbabycare.vn\/wp-content\/uploads\/2025\/09\/BAD-BAP-BI-DO-150x150.png",150,150,true],"medium":["https:\/\/organicbabycare.vn\/wp-content\/uploads\/2025\/09\/BAD-BAP-BI-DO-300x300.png",300,300,true],"medium_large":["https:\/\/organicbabycare.vn\/wp-content\/uploads\/2025\/09\/BAD-BAP-BI-DO-768x768.png",768,768,true],"large":["https:\/\/organicbabycare.vn\/wp-content\/uploads\/2025\/09\/BAD-BAP-BI-DO-1024x1024.png",1024,1024,true],"1536x1536":["https:\/\/organicbabycare.vn\/wp-content\/uploads\/2025\/09\/BAD-BAP-BI-DO.png",1200,1200,false],"2048x2048":["https:\/\/organicbabycare.vn\/wp-content\/uploads\/2025\/09\/BAD-BAP-BI-DO.png",1200,1200,false],"trp-custom-language-flag":["https:\/\/organicbabycare.vn\/wp-content\/uploads\/2025\/09\/BAD-BAP-BI-DO-12x12.png",12,12,true],"widget-thumbnail":["https:\/\/organicbabycare.vn\/wp-content\/uploads\/2025\/09\/BAD-BAP-BI-DO-75x75.png",75,75,true],"woocommerce_archive_thumbnail":["https:\/\/organicbabycare.vn\/wp-content\/uploads\/2025\/09\/BAD-BAP-BI-DO-500x500.png",500,500,true],"woocommerce_thumbnail":["https:\/\/organicbabycare.vn\/wp-content\/uploads\/2025\/09\/BAD-BAP-BI-DO-300x300.png",300,300,true],"woocommerce_single":["https:\/\/organicbabycare.vn\/wp-content\/uploads\/2025\/09\/BAD-BAP-BI-DO-600x600.png",600,600,true],"woocommerce_gallery_thumbnail":["https:\/\/organicbabycare.vn\/wp-content\/uploads\/2025\/09\/BAD-BAP-BI-DO-80x80.png",80,80,true]},"uagb_author_info":{"display_name":"admin","author_link":"https:\/\/organicbabycare.vn\/en\/author\/"},"uagb_comment_info":0,"uagb_excerpt":"S\u1ef1 k\u1ebft h\u1ee3p t\u1eeb b\u1eafp v\u00e0 b\u00ed \u0111\u1ecf h\u1eefu c\u01a1 \u2013 hai lo\u1ea1i th\u1ef1c v\u1eadt gi\u00e0u d\u01b0\u1ee1ng ch\u1ea5t t\u1ef1 nhi\u00ean \u2013 mang \u0111\u1ebfn nh\u1eefng mi\u1ebfng b\u00e1nh c\u00f3 v\u1ecb thanh nh\u1eb9, d\u1ec5 \u0103n, ph\u00f9 h\u1ee3p cho b\u00e9 trong nh\u1eefng ng\u00e0y \u0111\u1ea7u l\u00e0m quen v\u1edbi \u0103n d\u1eb7m. 100% rau c\u1ee7 h\u1eefu c\u01a1 \u2013 nguy\u00ean li\u1ec7u \u0111\u1ea1t ti\u00eau&hellip;","brizy_media":[],"_links":{"self":[{"href":"https:\/\/organicbabycare.vn\/en\/wp-json\/wp\/v2\/product\/1216","targetHints":{"allow":["GET"]}}],"collection":[{"href":"https:\/\/organicbabycare.vn\/en\/wp-json\/wp\/v2\/product"}],"about":[{"href":"https:\/\/organicbabycare.vn\/en\/wp-json\/wp\/v2\/types\/product"}],"replies":[{"embeddable":true,"href":"https:\/\/organicbabycare.vn\/en\/wp-json\/wp\/v2\/comments?post=1216"}],"wp:featuredmedia":[{"embeddable":true,"href":"https:\/\/organicbabycare.vn\/en\/wp-json\/wp\/v2\/media\/1200"}],"wp:attachment":[{"href":"https:\/\/organicbabycare.vn\/en\/wp-json\/wp\/v2\/media?parent=1216"}],"wp:term":[{"taxonomy":"old","embeddable":true,"href":"https:\/\/organicbabycare.vn\/en\/wp-json\/wp\/v2\/old?post=1216"},{"taxonomy":"product_brand","embeddable":true,"href":"https:\/\/organicbabycare.vn\/en\/wp-json\/wp\/v2\/product_brand?post=1216"},{"taxonomy":"product_cat","embeddable":true,"href":"https:\/\/organicbabycare.vn\/en\/wp-json\/wp\/v2\/product_cat?post=1216"},{"taxonomy":"product_tag","embeddable":true,"href":"https:\/\/organicbabycare.vn\/en\/wp-json\/wp\/v2\/product_tag?post=1216"}],"curies":[{"name":"wp","href":"https:\/\/api.w.org\/{rel}","templated":true}]}}